{"id":142,"date":"2025-02-16T13:43:58","date_gmt":"2025-02-16T13:43:58","guid":{"rendered":"https:\/\/pielnueva.es\/nosotros\/"},"modified":"2026-02-06T00:52:57","modified_gmt":"2026-02-06T00:52:57","slug":"nosotros","status":"publish","type":"page","link":"https:\/\/pielnueva.es\/en\/nosotros\/","title":{"rendered":"Nosotros"},"content":{"rendered":"<section class=\"header_14_1 background-1-light\" id=\"\" data-block-id=\"69e00a42d0f3969e00a42d0f3a\" data-block-name=\"acf\/header-14-1\" data-post-id=\"142\" data-stable-id=\"block_1c560f4403c16ef164e0951719c6ea73\">\r\n    <div class=\"container\">\r\n        <div class=\"row\">\r\n            <div class=\"col col-top\" data-aos=\"fade-up\">\r\n                                <div class=\"subtitulo color-1-headings-dark tamano6\">Belleza y Nutrici\u00f3n<\/div>\r\n                                                <h1 class=\"tamano2 color-1-headings-dark\">Descubre la excelencia en cremas, serums y cosm\u00e9ticos \u00fanicos.<\/h1>\r\n                                                <div class=\"texto tamano7 color-1-body-dark\"><p>Revoluciona tu rutina de cuidado diario hoy mismo.<\/p>\n<\/div>\r\n                \r\n                <div class=\"enlaces\">\r\n                                            <a href=\"https:\/\/pielnueva.es\/servicios\/\" target=\"\" class=\"btn-round tamano-7-mediumcta color-boton-3-texto-normal color-boton-3-texto-hover color-boton-3-normal color-boton-3-hover\">\r\n    \r\n    <span>Explorar m\u00e1s<\/span>\r\n<\/a>\r\n\r\n<style>\r\n    .btn-border-rounded {\r\n        border-radius: 12px !important;\r\n    }\r\n\r\n    .btn-border-square {\r\n        border-radius: 0 !important;\r\n    }\r\n\r\n    \/* Estilos de hover *\/\r\n    .btn-hover-hover1:hover {\r\n        filter: contrast(0.55);\r\n    }\r\n\r\n    .btn-hover-hover2:hover {\r\n        filter: sepia(2);\r\n    }\r\n\r\n    \/* Estilos del icono cuando existe *\/\r\n    a i {\r\n        margin-right: 8px;\r\n        font-size: 16px;\r\n    }\r\n\r\n    \/* Icono Lucide *\/\r\n    .btn-icon--lucide {\r\n        display: inline-flex;\r\n        align-items: center;\r\n        justify-content: center;\r\n        margin-right: 8px;\r\n    }\r\n\r\n    .btn-icon--lucide svg {\r\n        width: 16px;\r\n        height: 16px;\r\n        display: block;\r\n    }\r\n<\/style>\r\n                    \r\n                                    <\/div>\r\n            <\/div>\r\n        <\/div>\r\n    <\/div>\r\n            <div class=\"imagen\" data-aos=\"zoom-in\" style=\"background-image:url('https:\/\/pielnueva.es\/wp-content\/uploads\/2025\/02\/Leonardo_Vision_XL_Disea_una_imagen_de_cabecera_para_una_web_d_0.jpg');\"\r\n            aria-label=\"Cremas, serums y cosm\u00e9ticos \u00fanicos\"><\/div>\r\n    <\/section>\r\n<style>\r\n    .header_14_1 .btn-round {\r\n        border-radius: 60px;\r\n        padding: 12px 25px;\r\n        display: inline-block;\r\n        min-width: 175px;\r\n        text-align: center;\r\n        text-decoration: none;\r\n    }\r\n\r\n    .header_14_1 .btn-round.secundario {\r\n        background-color: var(--color-boton-3-hover);\r\n        color: var(--color-boton-3-texto-hover);\r\n    }\r\n\r\n    .header_14_1 .btn-round.secundario:hover {\r\n        background-color: var(--color-boton-3-normal);\r\n        color: var(--color-boton-3-texto-normal);\r\n    }\r\n\r\n    .header_14_1 .subtitulo {\r\n        padding-bottom: 22px;\r\n    }\r\n\r\n    .header_14_1 .col-top h1 {\r\n        padding-bottom: 22px;\r\n    }\r\n\r\n    .header_14_1 .col-top {\r\n        max-width: 1230px;\r\n        margin: 0 auto;\r\n        text-align: center;\r\n    }\r\n\r\n    .header_14_1 .imagen {\r\n        height: 500px;\r\n        background-position: center;\r\n        background-repeat: no-repeat;\r\n        background-size: cover;\r\n    }\r\n\r\n    .header_14_1 .enlaces {\r\n        display: inline-flex;\r\n        gap: 25px;\r\n        flex-wrap: wrap;\r\n        margin-top: 35px;\r\n        justify-content: center;\r\n    }\r\n\r\n    .header_14_1 .col-top {\r\n        padding: 200px 0 100px 0;\r\n        min-height: calc(100vH - 500px);\r\n    }\r\n\r\n    @media (max-width:992px) {\r\n        .header_14_2 .col-top {\r\n            padding: 100px 0;\r\n        }\r\n    }\r\n\r\n    @media (max-width:768px) {\r\n        .header_14_1 .col-top h1 {\r\n            line-height: var(--tamano3-line-height);\r\n        }\r\n    }\r\n\r\n    @media (max-width:400px) {\r\n        .header_14_1 .row {\r\n            margin: 0;\r\n        }\r\n    }\r\n<\/style>\r\n<section class=\"aboutus_14_1 background-1-light\" id=\"\"\r\n    original-block-id=\"block_68a99df433fa921047f6ac16956a679d\" data-block-id=\"69e00a42d37f969e00a42d37fa\" data-block-name=\"acf\/about-us-14-1\" data-post-id=\"142\" data-stable-id=\"block_68a99df433fa921047f6ac16956a679d\">\r\n    <div class=\"container\">\r\n        <div class=\"row\" data-aos=\"fade-up\">\r\n            <div class=\"col col-titulo\">\r\n                                <h2 class=\"titulo tamano2 color-1-headings-dark\"><span class=\"ez-toc-section\" id=\"Descubre_la_Belleza_Natural_con_Corellcosmetics_Innovacion_y_Cuidado\"><\/span>Descubre la Belleza Natural con Corellcosmetics: Innovaci\u00f3n y Cuidado<span class=\"ez-toc-section-end\"><\/span><\/h2>\r\n                            <\/div>\r\n            <div class=\"col col-down\">\r\n\r\n                                <div class=\"textos\">\r\n                                        <div class=\"texto color-1-body-dark tamano7\">\r\n                        <p>En Corellcosmetics, nos apasiona potenciar la belleza natural de cada persona. Fundada con el objetivo de ofrecer cosm\u00e9ticos de calidad, nos especializamos en la venta de productos cuidadosamente seleccionados, desde cremas hasta serum, garantizando resultados visibles y una experiencia de cuidado personal \u00fanica. Nuestra filosof\u00eda se basa en el uso de ingredientes efectivos que cumplen los m\u00e1s altos est\u00e1ndares de la industria cosm\u00e9tica. Al explorar nuestro cat\u00e1logo, encontrar\u00e1s soluciones personalizadas para cada tipo de piel, dise\u00f1adas para rejuvenecer, hidratar y proteger. Somos tu socio de confianza en el camino hacia una piel radiante. \u00danete a nosotros y descubre c\u00f3mo nuestros productos pueden realzar tu belleza natural de manera responsable y sostenible. Colocamos tus necesidades en el centro de todo lo que hacemos, trabajando todos los d\u00edas para mejorar nuestros productos y asegurar que cada cliente reciba exactamente lo que su piel necesita para lucir y sentirse mejor.<\/p>\n                    <\/div>\r\n                    \r\n                                        <div class=\"texto color-1-body-dark tamano7 hide\">\r\n                        <p>Nuestro compromiso con la calidad y la satisfacci\u00f3n del cliente nos distingue en el mercado de la cosm\u00e9tica. En Corellcosmetics, entendemos que cuidar la piel va m\u00e1s all\u00e1 de aplicar productos; se trata de elegir aquellos que verdaderamente hacen la diferencia. Nuestros equipos de expertos investigan incansablemente para desarrollar f\u00f3rmulas innovadoras que combinen ciencia y naturaleza. Adem\u00e1s, nos enorgullece nuestra dedicaci\u00f3n hacia pr\u00e1cticas sostenibles y \u00e9ticas, asegurando que cada producto que ofrecemos no solo es bueno para tu piel, sino tambi\u00e9n para el planeta. Explore nuestro sitio web y descubre una gama completa de productos que se adaptan a tus necesidades espec\u00edficas. Con Corellcosmetics, no solo est\u00e1s comprando productos, est\u00e1s invirtiendo en una experiencia de cuidado personal transformadora. Conf\u00eda en nosotros para llevar tu rutina de belleza al siguiente nivel, con productos que reflejan nuestra pasi\u00f3n por la excelencia y el respeto por la piel de nuestros clientes.<\/p>\n                    <\/div>\r\n                                    <\/div>\r\n\r\n                                <div class=\"vermas tamano7 boton-4-texto-normal\">\r\n                    <span class=\"mas tamano7 boton-4-texto-normal\">Read more<\/span>\r\n                    <span class=\"menos hide tamano7 boton-4-texto-normal\">Read less<\/span>\r\n                    <svg width=\"13\" height=\"8\" viewBox=\"0 0 13 8\" fill=\"none\"\r\n                        xmlns=\"http:\/\/www.w3.org\/2000\/svg\">\r\n                        <path id=\"Vector 14\" d=\"M1 1L6.5 6.5L12 1\" stroke=\"currentColor\" stroke-width=\"1.5\" \/>\r\n                    <\/svg>\r\n                <\/div>\r\n                                \r\n                                    <a href=\"#\" target=\"\" class=\"btn-round tamano-7-mediumcta color-boton-1-texto-normal color-boton-1-texto-hover color-boton-1-normal color-boton-1-hover\">\r\n    \r\n    <span>Con\u00f3cenos<\/span>\r\n<\/a>\r\n\r\n<style>\r\n    .btn-border-rounded {\r\n        border-radius: 12px !important;\r\n    }\r\n\r\n    .btn-border-square {\r\n        border-radius: 0 !important;\r\n    }\r\n\r\n    \/* Estilos de hover *\/\r\n    .btn-hover-hover1:hover {\r\n        filter: contrast(0.55);\r\n    }\r\n\r\n    .btn-hover-hover2:hover {\r\n        filter: sepia(2);\r\n    }\r\n\r\n    \/* Estilos del icono cuando existe *\/\r\n    a i {\r\n        margin-right: 8px;\r\n        font-size: 16px;\r\n    }\r\n\r\n    \/* Icono Lucide *\/\r\n    .btn-icon--lucide {\r\n        display: inline-flex;\r\n        align-items: center;\r\n        justify-content: center;\r\n        margin-right: 8px;\r\n    }\r\n\r\n    .btn-icon--lucide svg {\r\n        width: 16px;\r\n        height: 16px;\r\n        display: block;\r\n    }\r\n<\/style>\r\n                \r\n            <\/div>\r\n        <\/div>\r\n    <\/div>\r\n<\/section>\r\n<style>\r\n    .aboutus_14_1 .vermas .hide {\r\n        display: none;\r\n    }\r\n\r\n    .aboutus_14_1 .vermas.show svg {\r\n        transform: rotate(180deg);\r\n    }\r\n\r\n    .aboutus_14_1 .vermas {\r\n        display: none;\r\n        margin-top: 20px;\r\n        align-items: center;\r\n        gap: 10px;\r\n        cursor: pointer;\r\n    }\r\n\r\n    .aboutus_14_1 .vermas span {\r\n        font-weight: var(--tamano5-font-weight);\r\n    }\r\n\r\n    .aboutus_14_1 .btn-round {\r\n        border-radius: 60px;\r\n        padding: 12px 25px !important;\r\n        display: inline-block;\r\n        min-width: 175px;\r\n        text-align: center;\r\n        text-decoration: none;\r\n        margin-top: 40px;\r\n    }\r\n\r\n    .aboutus_14_1 .texto {\r\n        display: flex;\r\n        flex-direction: column;\r\n        gap: 20px;\r\n    }\r\n\r\n    .aboutus_14_1 h2 {\r\n        padding-bottom: 55px;\r\n    }\r\n\r\n    .aboutus_14_1 .textos .texto {\r\n        width: 50%;\r\n    }\r\n\r\n    .aboutus_14_1 .textos {\r\n        display: flex;\r\n        gap: 30px;\r\n    }\r\n\r\n    .aboutus_14_1 {\r\n        position: relative;\r\n        background-position: center;\r\n        background-repeat: no-repeat;\r\n        background-size: cover;\r\n        padding: 81px 150px;\r\n        margin-top: -1px;\r\n    }\r\n\r\n    @media (max-width:1550px) {\r\n        .aboutus_14_1 {\r\n            padding-left: 50px;\r\n            padding-right: 50px;\r\n        }\r\n    }\r\n\r\n    @media (max-width:1200px) {\r\n        .aboutus_14_1 {\r\n            padding-left: 0;\r\n            padding-right: 0;\r\n        }\r\n    }\r\n\r\n    @media (max-width:992px) {\r\n        .aboutus_14_1 .textos {\r\n            flex-direction: column;\r\n            gap: 20px;\r\n        }\r\n\r\n        .aboutus_14_1 .textos .texto {\r\n            width: 100%;\r\n        }\r\n\r\n        .aboutus_14_1 h2 {\r\n            padding-bottom: 35px;\r\n        }\r\n\r\n        .aboutus_14_1 {\r\n            padding: 40px 0;\r\n        }\r\n    }\r\n\r\n    @media (max-width: 768px) {\r\n\r\n        .aboutus_14_1 .textos .texto:first-child p:not(:first-child),\r\n        .aboutus_14_1 .textos .texto:nth-child(2) {\r\n            display: none;\r\n        }\r\n\r\n        .aboutus_14_1 .textos .texto:first-child.show p:not(:first-child),\r\n        .aboutus_14_1 .textos .texto:nth-child(2).show {\r\n            display: block;\r\n        }\r\n\r\n        .aboutus_14_1 .vermas {\r\n            display: flex;\r\n            width: max-content;\r\n        }\r\n\r\n        .aboutus_14_1 h2 {\r\n            line-height: var(--tamano4-line-height);\r\n        }\r\n    }\r\n<\/style>\r\n<script>\r\n    jQuery(document).ready(function($) {\r\n        const $instance = $('.aboutus_14_1[original-block-id=\"block_68a99df433fa921047f6ac16956a679d\"]');\r\n\r\n        if (!$instance.length) return;\r\n\r\n        $instance.on('click', '.vermas', function() {\r\n            if (window.matchMedia(\"(max-width: 768px)\").matches) {\r\n                const $vermas = $(this);\r\n                const $textos = $instance.find('.texto');\r\n\r\n                $textos.toggleClass('show');\r\n                $vermas.toggleClass('show');\r\n                $vermas.find('span').toggleClass('hide');\r\n            }\r\n        });\r\n    });\r\n<\/script>\r\n<section class=\"galeria_2_2 background-1-dark\" id=\"\" data-block-id=\"69e00a42d4d1d69e00a42d4d1e\" data-block-name=\"acf\/galery-2-2\" data-post-id=\"142\" data-stable-id=\"block_b6cad38647f14e240e1f53c61717eb45\">\r\n    <div class=\"container\">\r\n        <div class=\"row\">\r\n            <div class=\"col col-titulo\">\r\n                                <h2 class=\"color-2-headings-light tamano2\"><span class=\"ez-toc-section\" id=\"Belleza_Real\"><\/span>Belleza Real<span class=\"ez-toc-section-end\"><\/span><\/h2>\r\n                                                <div class=\"texto color-2-body-light tamano7\"><p>Descubre la magia de Corellcosmetics, donde cada producto es una promesa de belleza aut\u00e9ntica. Nuestros cosm\u00e9ticos combinan ingredientes de alta calidad para brindar cremas y serums que nutren y revitalizan tu piel. Desde hidratantes profundos hasta soluciones antiedad, te ofrecemos una experiencia \u00fanica para resaltar tu esencia. Cuidamos cada detalle para asegurarnos de que te sientas radiante y segura, porque mereces lo mejor del mundo de la cosm\u00e9tica. \u00a1Explora nuestra galer\u00eda y d\u00e9jate sorprender!<\/p>\n<\/div>\r\n                            <\/div>\r\n            <div class=\"col col-portfolios\">\r\n                            <\/div>\r\n\r\n                            <div class=\"col col-enlace\">\r\n                    <a href=\"https:\/\/pielnueva.es\/contacto\/\" target=\"\" class=\"btn-round tamano-7-mediumcta color-boton-3-texto-normal color-boton-3-texto-hover color-boton-3-normal color-boton-3-hover\">\r\n    \r\n    <span>M\u00e1s info<\/span>\r\n<\/a>\r\n\r\n<style>\r\n    .btn-border-rounded {\r\n        border-radius: 12px !important;\r\n    }\r\n\r\n    .btn-border-square {\r\n        border-radius: 0 !important;\r\n    }\r\n\r\n    \/* Estilos de hover *\/\r\n    .btn-hover-hover1:hover {\r\n        filter: contrast(0.55);\r\n    }\r\n\r\n    .btn-hover-hover2:hover {\r\n        filter: sepia(2);\r\n    }\r\n\r\n    \/* Estilos del icono cuando existe *\/\r\n    a i {\r\n        margin-right: 8px;\r\n        font-size: 16px;\r\n    }\r\n\r\n    \/* Icono Lucide *\/\r\n    .btn-icon--lucide {\r\n        display: inline-flex;\r\n        align-items: center;\r\n        justify-content: center;\r\n        margin-right: 8px;\r\n    }\r\n\r\n    .btn-icon--lucide svg {\r\n        width: 16px;\r\n        height: 16px;\r\n        display: block;\r\n    }\r\n<\/style>\r\n                <\/div>\r\n                    <\/div>\r\n    <\/div>\r\n<\/section>\r\n<style>\r\n    .galeria_2_2 .col-enlace {\r\n        padding-top: 50px;\r\n        text-align: center;\r\n    }\r\n\r\n    .galeria_2_2 .btn-round {\r\n        border-radius: 60px;\r\n        padding: 12px 25px;\r\n        display: inline-block;\r\n        min-width: 175px;\r\n        text-align: center;\r\n        text-decoration: none;\r\n    }\r\n\r\n    .galeria_2_2 .col-categorias .categorias.activo a:hover {\r\n        text-decoration: underline;\r\n    }\r\n\r\n    .galeria_2_2 .col-categorias .categorias.activo a {\r\n        text-decoration: none;\r\n    }\r\n\r\n    .galeria_2_2 .col-categorias .categorias.activo {\r\n        display: flex;\r\n        align-items: center;\r\n        flex-wrap: wrap;\r\n        gap: 15px;\r\n        position: absolute;\r\n        bottom: -24px;\r\n        background: transparent;\r\n    }\r\n\r\n    .galeria_2_2 .col-categorias .categorias {\r\n        display: none;\r\n    }\r\n\r\n    .galeria_2_2 .col-categorias {\r\n        display: flex;\r\n        margin-bottom: 35px;\r\n        position: relative;\r\n        flex-direction: column;\r\n        justify-content: end;\r\n        align-items: end;\r\n        gap: 5px;\r\n    }\r\n\r\n    .galeria_2_2 .col-categorias .actual {\r\n        display: flex;\r\n        align-items: center;\r\n        cursor: pointer;\r\n        gap: 5px;\r\n    }\r\n\r\n    .galeria_2_2 h2 {\r\n        padding-bottom: 20px;\r\n        text-align: center;\r\n    }\r\n\r\n    .galeria_2_2 .col-titulo .texto {\r\n        padding-bottom: 55px;\r\n        max-width: 585px;\r\n        margin: 0 auto;\r\n        text-align: center;\r\n    }\r\n\r\n    .galeria_2_2 .col-titulo {\r\n        max-width: 1200px;\r\n        margin: 0 auto;\r\n    }\r\n\r\n    .galeria_2_2 .portfolio-item:hover .mask,\r\n    .galeria_2_2 .portfolio-item:hover .meta {\r\n        visibility: visible;\r\n        opacity: 1;\r\n    }\r\n\r\n    .galeria_2_2 .portfolio-item .mask {\r\n        background: rgba(0, 0, 0, 0.20);\r\n        position: absolute;\r\n        top: 0;\r\n        left: 0;\r\n        width: 100%;\r\n        height: 100%;\r\n        opacity: 0;\r\n        visibility: hidden;\r\n    }\r\n\r\n    .galeria_2_2 .portfolio-item .meta {\r\n        position: relative;\r\n        visibility: hidden;\r\n        transition: all ease .3s;\r\n        opacity: 0;\r\n        width: 100%;\r\n        z-index: 1;\r\n    }\r\n\r\n    .galeria_2_2 .col-portfolios {\r\n        display: flex;\r\n        gap: 8px;\r\n        flex-wrap: wrap;\r\n    }\r\n\r\n    .galeria_2_2 .portfolio-item {\r\n        height: 309px;\r\n        width: calc(25% - 6px);\r\n        position: relative;\r\n        text-decoration: none;\r\n        display: block;\r\n        background-position: center;\r\n        background-repeat: no-repeat;\r\n        background-size: cover;\r\n        display: flex;\r\n        align-items: flex-start;\r\n        padding: 15px;\r\n    }\r\n\r\n    .galeria_2_2 .col-paginacion .pagination {\r\n        display: flex;\r\n        gap: 20px;\r\n        justify-content: center;\r\n        align-items: center;\r\n        margin-top: 55px;\r\n    }\r\n\r\n    .galeria_2_2 .col-paginacion a {\r\n        padding: 15px 35px;\r\n        display: block;\r\n        border-radius: 60px;\r\n        text-decoration: none;\r\n    }\r\n\r\n    .galeria_2_2 {\r\n        padding: 80px 0;\r\n    }\r\n\r\n    @media (max-width:1350px) {\r\n        .galeria_2_2 .portfolio-item {\r\n            height: 250px;\r\n        }\r\n    }\r\n\r\n    @media (max-width:1200px) {\r\n        .galeria_2_2 .portfolio-item {\r\n            width: calc(33.33% - 8px);\r\n        }\r\n    }\r\n\r\n    @media (max-width:992px) {\r\n        .galeria_2_2 {\r\n            padding: 40px 0;\r\n        }\r\n\r\n        .galeria_2_2 .portfolio-item {\r\n            width: calc(50% - 4px);\r\n        }\r\n    }\r\n\r\n    @media (max-width:768px) {\r\n        .galeria_2_2 .portfolio-item {\r\n            width: 100%;\r\n        }\r\n\r\n        .galeria_2_2 .col-categorias .categorias.activo {\r\n            position: relative;\r\n            bottom: 0;\r\n            row-gap: 10px;\r\n        }\r\n    }\r\n<\/style>\r\n<script>\r\n    jQuery(document).ready(function() {\r\n        jQuery(\".galeria_2_2 .portfolio-item\").fancybox();\r\n    });\r\n<\/script>\r\n","protected":false},"excerpt":{"rendered":"","protected":false},"author":0,"featured_media":0,"parent":0,"menu_order":0,"comment_status":"open","ping_status":"closed","template":"","meta":{"_acf_changed":false,"iawp_total_views":1,"footnotes":""},"class_list":["post-142","page","type-page","status-publish","hentry"],"acf":[],"yoast_head":"<!-- This site is optimized with the Yoast SEO plugin v27.4 - https:\/\/yoast.com\/product\/yoast-seo-wordpress\/ -->\n<title>Corellcosmetics: Belleza Natural y Cuidado Premium<\/title>\n<meta name=\"description\" content=\"Descubre serums y cremas \u00fanicas que potencian tu belleza natural. Innovaci\u00f3n, sostenibilidad y excelencia en cada producto para una piel radiante.\" \/>\n<meta name=\"robots\" content=\"index, follow, max-snippet:-1, max-image-preview:large, max-video-preview:-1\" \/>\n<link rel=\"canonical\" href=\"https:\/\/pielnueva.es\/en\/nosotros\/\" \/>\n<meta property=\"og:locale\" content=\"en_US\" \/>\n<meta property=\"og:type\" content=\"article\" \/>\n<meta property=\"og:title\" content=\"Corellcosmetics: Belleza Natural y Cuidado Premium\" \/>\n<meta property=\"og:description\" content=\"Descubre serums y cremas \u00fanicas que potencian tu belleza natural. Innovaci\u00f3n, sostenibilidad y excelencia en cada producto para una piel radiante.\" \/>\n<meta property=\"og:url\" content=\"https:\/\/pielnueva.es\/en\/nosotros\/\" \/>\n<meta property=\"og:site_name\" content=\"Corellcosmetics\" \/>\n<meta property=\"article:modified_time\" content=\"2026-02-06T00:52:57+00:00\" \/>\n<meta name=\"twitter:card\" content=\"summary_large_image\" \/>\n<!-- \/ Yoast SEO plugin. -->","yoast_head_json":{"title":"Corellcosmetics: Belleza Natural y Cuidado Premium","description":"Descubre serums y cremas \u00fanicas que potencian tu belleza natural. Innovaci\u00f3n, sostenibilidad y excelencia en cada producto para una piel radiante.","robots":{"index":"index","follow":"follow","max-snippet":"max-snippet:-1","max-image-preview":"max-image-preview:large","max-video-preview":"max-video-preview:-1"},"canonical":"https:\/\/pielnueva.es\/en\/nosotros\/","og_locale":"en_US","og_type":"article","og_title":"Corellcosmetics: Belleza Natural y Cuidado Premium","og_description":"Descubre serums y cremas \u00fanicas que potencian tu belleza natural. Innovaci\u00f3n, sostenibilidad y excelencia en cada producto para una piel radiante.","og_url":"https:\/\/pielnueva.es\/en\/nosotros\/","og_site_name":"Corellcosmetics","article_modified_time":"2026-02-06T00:52:57+00:00","twitter_card":"summary_large_image","schema":{"@context":"https:\/\/schema.org","@graph":[{"@type":"WebPage","@id":"https:\/\/pielnueva.es\/en\/nosotros\/","url":"https:\/\/pielnueva.es\/en\/nosotros\/","name":"Corellcosmetics: Belleza Natural y Cuidado Premium","isPartOf":{"@id":"https:\/\/pielnueva.es\/en\/#website"},"datePublished":"2025-02-16T13:43:58+00:00","dateModified":"2026-02-06T00:52:57+00:00","description":"Descubre serums y cremas \u00fanicas que potencian tu belleza natural. Innovaci\u00f3n, sostenibilidad y excelencia en cada producto para una piel radiante.","breadcrumb":{"@id":"https:\/\/pielnueva.es\/en\/nosotros\/#breadcrumb"},"inLanguage":"en-US","potentialAction":[{"@type":"ReadAction","target":["https:\/\/pielnueva.es\/en\/nosotros\/"]}]},{"@type":"BreadcrumbList","@id":"https:\/\/pielnueva.es\/en\/nosotros\/#breadcrumb","itemListElement":[{"@type":"ListItem","position":1,"name":"Portada","item":"https:\/\/pielnueva.es\/en\/"},{"@type":"ListItem","position":2,"name":"Nosotros"}]},{"@type":"WebSite","@id":"https:\/\/pielnueva.es\/en\/#website","url":"https:\/\/pielnueva.es\/en\/","name":"Corellcosmetics","description":"","publisher":{"@id":"https:\/\/pielnueva.es\/en\/#organization"},"potentialAction":[{"@type":"SearchAction","target":{"@type":"EntryPoint","urlTemplate":"https:\/\/pielnueva.es\/en\/?s={search_term_string}"},"query-input":{"@type":"PropertyValueSpecification","valueRequired":true,"valueName":"search_term_string"}}],"inLanguage":"en-US"},{"@type":"Organization","@id":"https:\/\/pielnueva.es\/en\/#organization","name":"Corellcosmetics","url":"https:\/\/pielnueva.es\/en\/","logo":{"@type":"ImageObject","inLanguage":"en-US","@id":"https:\/\/pielnueva.es\/en\/#\/schema\/logo\/image\/","url":"https:\/\/pielnueva.es\/wp-content\/uploads\/2025\/02\/67ade1824a509_Captura-de-pantalla-2025-02-13-131132.png","contentUrl":"https:\/\/pielnueva.es\/wp-content\/uploads\/2025\/02\/67ade1824a509_Captura-de-pantalla-2025-02-13-131132.png","width":871,"height":879,"caption":"Corellcosmetics "},"image":{"@id":"https:\/\/pielnueva.es\/en\/#\/schema\/logo\/image\/"}}]}},"_links":{"self":[{"href":"https:\/\/pielnueva.es\/en\/wp-json\/wp\/v2\/pages\/142","targetHints":{"allow":["GET"]}}],"collection":[{"href":"https:\/\/pielnueva.es\/en\/wp-json\/wp\/v2\/pages"}],"about":[{"href":"https:\/\/pielnueva.es\/en\/wp-json\/wp\/v2\/types\/page"}],"replies":[{"embeddable":true,"href":"https:\/\/pielnueva.es\/en\/wp-json\/wp\/v2\/comments?post=142"}],"version-history":[{"count":3,"href":"https:\/\/pielnueva.es\/en\/wp-json\/wp\/v2\/pages\/142\/revisions"}],"predecessor-version":[{"id":207,"href":"https:\/\/pielnueva.es\/en\/wp-json\/wp\/v2\/pages\/142\/revisions\/207"}],"wp:attachment":[{"href":"https:\/\/pielnueva.es\/en\/wp-json\/wp\/v2\/media?parent=142"}],"curies":[{"name":"wp","href":"https:\/\/api.w.org\/{rel}","templated":true}]}}